{"id":7947,"date":"2024-01-04T13:04:51","date_gmt":"2024-01-04T13:04:51","guid":{"rendered":"https:\/\/beatachomatowska.com\/?page_id=7947"},"modified":"2024-02-07T19:29:44","modified_gmt":"2024-02-07T19:29:44","slug":"bio","status":"publish","type":"page","link":"https:\/\/beatachomatowska.com\/en\/bio\/","title":{"rendered":"Bio"},"content":{"rendered":"<div data-elementor-type=\"wp-page\" data-elementor-id=\"7947\" class=\"elementor elementor-7947\">\n\t\t\t\t\t\t<section class=\"elementor-section elementor-top-section elementor-element elementor-element-7833b32 qodef-elementor-content-grid elementor-section-full_width elementor-section-height-full elementor-section-stretched elementor-section-height-default elementor-section-items-middle\" data-id=\"7833b32\" data-element_type=\"section\" data-settings=\"{&quot;stretch_section&quot;:&quot;section-stretched&quot;}\">\n\t\t\t\t\t\t<div class=\"elementor-container elementor-column-gap-wider\">\n\t\t\t\t\t<div class=\"elementor-column elementor-col-50 elementor-top-column elementor-element elementor-element-72eb820\" data-id=\"72eb820\" data-element_type=\"column\" data-settings=\"{&quot;background_background&quot;:&quot;classic&quot;}\">\n\t\t\t<div class=\"elementor-widget-wrap elementor-element-populated\">\n\t\t\t\t\t\t<div class=\"elementor-element elementor-element-a05a0d5 elementor-widget elementor-widget-spacer\" data-id=\"a05a0d5\" data-element_type=\"widget\" data-widget_type=\"spacer.default\">\n\t\t\t\t<div class=\"elementor-widget-container\">\n\t\t\t\t\t\t\t<div class=\"elementor-spacer\">\n\t\t\t<div class=\"elementor-spacer-inner\"><\/div>\n\t\t<\/div>\n\t\t\t\t\t\t<\/div>\n\t\t\t\t<\/div>\n\t\t\t\t\t<\/div>\n\t\t<\/div>\n\t\t\t\t<div class=\"elementor-column elementor-col-50 elementor-top-column elementor-element elementor-element-6da2017\" data-id=\"6da2017\" data-element_type=\"column\">\n\t\t\t<div class=\"elementor-widget-wrap elementor-element-populated\">\n\t\t\t\t\t\t<div class=\"elementor-element elementor-element-1cd307a elementor-widget__width-inherit elementor-widget elementor-widget-text-editor\" data-id=\"1cd307a\" data-element_type=\"widget\" data-widget_type=\"text-editor.default\">\n\t\t\t\t<div class=\"elementor-widget-container\">\n\t\t\t\t\t\t\t\t\t<h1>BIO\u00a0<\/h1>\t\t\t\t\t\t\t\t<\/div>\n\t\t\t\t<\/div>\n\t\t\t\t<div class=\"elementor-element elementor-element-59dd4c5 elementor-widget__width-initial elementor-widget-tablet__width-initial elementor-widget elementor-widget-text-editor\" data-id=\"59dd4c5\" data-element_type=\"widget\" data-widget_type=\"text-editor.default\">\n\t\t\t\t<div class=\"elementor-widget-container\">\n\t\t\t\t\t\t\t\t\t<p>Nazywam si\u0119 Beata Chom\u0105towska. Nazwisko rzadko spotykane, ale nietrudno je zapami\u0119ta\u0107: Cho-m\u0105-towska, trzy sylaby, przez ce-ha i z \u201e\u0105\u201d. Pierwotnie brzmia\u0142o nieco inaczej, ale tak zapisano je po wojnie, gdy rodzina mojego taty, urodzonego w 1944 roku w Niemczech, wr\u00f3ci\u0142a do Polski. Z pochodzenia jestem bowiem miesza\u0144cem \u2013 Chom\u0105towscy to przesiedle\u0144cy z Kres\u00f3w, kt\u00f3rzy po II wojnie \u015bwiatowej zamieszkali na poniemieckim, w Strzelinie ko\u0142o Wroc\u0142awia. Ma\u0142opolska rodzina mojej mamy na kilka pokole\u0144 zwi\u0105za\u0142a si\u0119 z Rabk\u0105-Zdrojem. Ja za\u015b jestem krakowiank\u0105 z urodzenia, warszawiank\u0105 z wyboru. Moim domem przez dwa lata by\u0142a te\u017c holenderska <a href=\"https:\/\/czarne.com.pl\/katalog\/ksiazki\/prawdziwych-przyjaciol-poznaje-sie-w-bredzie\" target=\"_blank\" rel=\"noopener\"><strong><em>Breda<\/em><\/strong>, <\/a>przemieszkiwa\u0142am r\u00f3wnie\u017c w Berlinie.<\/p>\t\t\t\t\t\t\t\t<\/div>\n\t\t\t\t<\/div>\n\t\t\t\t<div class=\"elementor-element elementor-element-525b0f5 elementor-widget__width-initial elementor-widget-tablet__width-initial elementor-widget elementor-widget-text-editor\" data-id=\"525b0f5\" data-element_type=\"widget\" data-widget_type=\"text-editor.default\">\n\t\t\t\t<div class=\"elementor-widget-container\">\n\t\t\t\t\t\t\t\t\t<p>Najcz\u0119\u015bciej m\u00f3wi\u0119 o sobie: pisarka i dziennikarka. Jestem autork\u0105 <a href=\"https:\/\/beatachomatowska.com\/en\/portfolio\/\"><strong><em>books<\/em> <\/strong><\/a>\u2013 w tym kilku z pogranicza reporta\u017cu i eseistyki oraz dw\u00f3ch powie\u015bci, a tak\u017ce niezliczonej ilo\u015bci <a href=\"https:\/\/beatachomatowska.com\/en\/czytelnia\/\"><strong><em>articles.<\/em><\/strong>.<\/a><\/p>\t\t\t\t\t\t\t\t<\/div>\n\t\t\t\t<\/div>\n\t\t\t\t<div class=\"elementor-element elementor-element-b2ab3b9 elementor-widget elementor-widget-oraiste_core_button\" data-id=\"b2ab3b9\" data-element_type=\"widget\" data-widget_type=\"oraiste_core_button.default\">\n\t\t\t\t<div class=\"elementor-widget-container\">\n\t\t\t\t\t<a class=\"qodef-shortcode qodef-m  qodef-button qodef-layout--textual-animated  qodef-html--link\" href=\"https:\/\/beatachomatowska.com\/en\/portfolio\/\" target=\"_self\"  >\n\t<span class=\"qodef-m-text\">ZOBACZ MOJE KSI\u0104\u017bKI<\/span>\n\t<span class=\"qodef-m-arrow\"><svg  xmlns=\"http:\/\/www.w3.org\/2000\/svg\" xmlns:xlink=\"http:\/\/www.w3.org\/1999\/xlink\" x=\"0px\" y=\"0px\" viewbox=\"0 0 34 11\" style=\"enable-background:new 0 0 34 11;\" xml:space=\"preserve\"><line x1=\"0\" y1=\"5.5\" x2=\"32.1\" y2=\"5.5\"\/><polyline points=\"27.8,0.7 32.6,5.5 27.8,10.3 \"\/><\/svg><\/span>\n\t<span class=\"qodef-m-circle\"><svg  viewbox=\"0 0 100 100\"><path d=\"M72.3 27.41 C 74.53166666666667 29.97 78.22 33.70666666666666 79.59 36.82 80.96000000000001 39.93333333333334 80.10833333333333 42.79666666666667 80.52 46.09 80.93166666666666 49.38333333333334 82.13666666666667 53.36 82.06 56.58 81.98333333333333 59.8 81.79 62.346666666666664 80.06 65.41 78.33 68.47333333333333 74.51833333333335 72.82333333333332 71.68 74.96 68.84166666666667 77.09666666666666 65.95 76.95666666666668 63.03 78.23 60.11 79.50333333333333 57.364999999999995 81.62166666666667 54.16 82.6 50.955 83.57833333333332 46.968333333333334 84.47333333333333 43.8 84.1 40.63166666666666 83.72666666666666 37.946666666666665 82.13666666666667 35.15 80.36 32.35333333333333 78.58333333333333 29.301666666666666 76.33666666666666 27.02 73.44 24.738333333333333 70.54333333333334 22.775000000000002 66.185 21.46 62.98 20.145 59.775 19.988333333333333 57.33 19.13 54.21 18.271666666666665 51.09 16.044999999999998 47.78333333333333 16.31 44.26 16.575 40.736666666666665 18.796666666666667 36.21333333333333 20.72 33.07 22.64333333333333 29.926666666666666 25.378333333333334 27.341666666666665 27.85 25.4 30.32166666666667 23.458333333333332 32.541666666666664 22.683333333333334 35.55 21.42 38.55833333333333 20.15666666666667 42.42 18.196666666666665 45.9 17.82 49.379999999999995 17.443333333333335 53.04666666666667 18.553333333333335 56.43 19.16 59.81333333333333 19.766666666666666 63.55500000000001 20.085 66.2 21.46 68.845 22.835 70.06833333333333 24.85 72.3 27.41z\"><\/path><\/svg><\/span>\n<\/a>\n\t\t\t\t<\/div>\n\t\t\t\t<\/div>\n\t\t\t\t\t<\/div>\n\t\t<\/div>\n\t\t\t\t\t<\/div>\n\t\t<\/section>\n\t\t<div class=\"elementor-element elementor-element-ca0735d e-flex e-con-boxed e-con e-parent\" data-id=\"ca0735d\" data-element_type=\"container\">\n\t\t\t\t\t<div class=\"e-con-inner\">\n\t\t\t\t<div class=\"elementor-element elementor-element-cd3e3a8 elementor-widget__width-initial elementor-widget-tablet__width-initial elementor-widget elementor-widget-text-editor\" data-id=\"cd3e3a8\" data-element_type=\"widget\" data-widget_type=\"text-editor.default\">\n\t\t\t\t<div class=\"elementor-widget-container\">\n\t\t\t\t\t\t\t\t\t<p>Z wykszta\u0142cenia jestem antropolo\u017ck\u0105 religii (Uniwersytet Jagiello\u0144ski w Krakowie) i europeistk\u0105 (Uniwersytet Ekonomiczny w Krakowie). Dyplomu dziennikarskiego nie mam. Poznawa\u0142am ten zaw\u00f3d od zera, w praktyce, od 2000 roku, pracuj\u0105c etatowo w kilku redakcjach. Do dzi\u015b wsp\u00f3\u0142pracuj\u0119 stale z <a href=\"https:\/\/www.tygodnikpowszechny.pl\/autor\/beata-chomatowska-1130\" target=\"_blank\" rel=\"noopener\"><strong><em>\"Tygodnik Powszechny\"<\/em><\/strong><\/a>, okazjonalnie z kilkoma innymi tytu\u0142ami. Przez trzy lata mia\u0142am te\u017c przyjemno\u015b\u0107 by\u0107 cz\u0119\u015bci\u0105 zespo\u0142u Muzeum Polin. W latach 2010-2022\u00a0 prowadzi\u0142am te\u017c organizacj\u0119 pozarz\u0105dow\u0105, powsta\u0142\u0105 przy okazji zbierania materia\u0142\u00f3w do ksi\u0105\u017cki o <a href=\"https:\/\/beatachomatowska.com\/en\/portfolio-item\/stacja-muranow\/\" target=\"_blank\" rel=\"noopener\"><strong><em>about Muranow district in Warsaw<\/em><\/strong><\/a>, kt\u00f3ra by\u0142a moim pisarskim debiutem. Stowarzyszenie Stacja Muran\u00f3w zrealizowa\u0142o w tym czasie kilkadziesi\u0105t projekt\u00f3w, od lokalnych po mi\u0119dzynarodowe. Tamta dzia\u0142alno\u015b\u0107 zaowocowa\u0142a <a href=\"https:\/\/beatachomatowska.com\/en\/oferta-spacerow\/\"><strong><em>guided tours<\/em> <\/strong><\/a>po Muranowie i wybranych miejscach w Warszawie, kt\u00f3re prowadz\u0119 do dzi\u015b.<\/p>\t\t\t\t\t\t\t\t<\/div>\n\t\t\t\t<\/div>\n\t\t\t\t<div class=\"elementor-element elementor-element-200d8fb elementor-widget__width-initial elementor-widget-tablet__width-initial elementor-widget elementor-widget-text-editor\" data-id=\"200d8fb\" data-element_type=\"widget\" data-widget_type=\"text-editor.default\">\n\t\t\t\t<div class=\"elementor-widget-container\">\n\t\t\t\t\t\t\t\t\t<p>\u017beby pisa\u0107, warto du\u017co czyta\u0107 \u2013 co lubi\u0119. Swoimi lekturami i architektonicznymi fascynacjami dziel\u0119 si\u0119 na bie\u017c\u0105co na <a href=\"https:\/\/www.instagram.com\/beata.chomatowska\/\" target=\"_blank\" rel=\"noopener\"><strong><em>Instagram<\/em><\/strong> <\/a>and <a href=\"https:\/\/www.facebook.com\/beata.chomatowska\/\" target=\"_blank\" rel=\"noopener\"><strong><em>Facebook.<\/em><\/strong><\/a>. Od kilkunastu lat praktykuj\u0119 jog\u0119 i medytacj\u0119, kt\u00f3re interesuj\u0105 mnie te\u017c od strony teoretycznej. Nie mam prawa jazdy \u2013 po mie\u015bcie przemieszczam si\u0119 piechot\u0105, rowerem, mo\u017cna te\u017c spotka\u0107 mnie w metrze lub tramwaju. Znam biegle angielski, mniej biegle niemiecki i niderlandzki, a teraz ucz\u0119 si\u0119 francuskiego. Mam s\u0142abo\u015b\u0107 do Bauhausu i Praesensu. Nale\u017c\u0119 do nieformalnego szama\u0144skiego ko\u015bcio\u0142a Nicka Cave`a, bohatera mojej pracy magisterskiej.<\/p>\t\t\t\t\t\t\t\t<\/div>\n\t\t\t\t<\/div>\n\t\t\t\t<div class=\"elementor-element elementor-element-d8947f7 elementor-widget elementor-widget-text-editor\" data-id=\"d8947f7\" data-element_type=\"widget\" data-widget_type=\"text-editor.default\">\n\t\t\t\t<div class=\"elementor-widget-container\">\n\t\t\t\t\t\t\t\t\t<p style=\"line-height: 3em;\">FOLLOW ME<\/p><p style=\"line-height: 1.2em;\"><a href=\"https:\/\/www.facebook.com\/beata.chomatowska\/\" target=\"_blank\" rel=\"noopener\">FB<\/a>\u00a0 <a class=\"qodef-hover-color--orange\" href=\"https:\/\/www.instagram.com\/qodeinteractive\/\" target=\"_blank\" rel=\"noopener\">IG<\/a><\/p>\t\t\t\t\t\t\t\t<\/div>\n\t\t\t\t<\/div>\n\t\t\t\t\t<\/div>\n\t\t\t\t<\/div>\n\t\t\t\t<section class=\"elementor-section elementor-top-section elementor-element elementor-element-88e2628 qodef-elementor-content-grid elementor-section-stretched elementor-section-boxed elementor-section-height-default elementor-section-height-default\" data-id=\"88e2628\" data-element_type=\"section\" data-settings=\"{&quot;stretch_section&quot;:&quot;section-stretched&quot;}\">\n\t\t\t\t\t\t<div class=\"elementor-container elementor-column-gap-default\">\n\t\t\t\t\t<div class=\"elementor-column elementor-col-100 elementor-top-column elementor-element elementor-element-0f794e3\" data-id=\"0f794e3\" data-element_type=\"column\">\n\t\t\t<div class=\"elementor-widget-wrap elementor-element-populated\">\n\t\t\t\t\t\t<div class=\"elementor-element elementor-element-af6db45 elementor-widget__width-auto elementor-widget elementor-widget-text-editor\" data-id=\"af6db45\" data-element_type=\"widget\" data-widget_type=\"text-editor.default\">\n\t\t\t\t<div class=\"elementor-widget-container\">\n\t\t\t\t\t\t\t\t\t<h2><a href=\"mailto:stacjamuranow@gmail.com.\">stacjamuranow@gmail.com<\/a><\/h2>\t\t\t\t\t\t\t\t<\/div>\n\t\t\t\t<\/div>\n\t\t\t\t\t<\/div>\n\t\t<\/div>\n\t\t\t\t\t<\/div>\n\t\t<\/section>\n\t\t<div class=\"elementor-element elementor-element-7266702 e-con-full e-flex e-con e-parent\" data-id=\"7266702\" data-element_type=\"container\">\n\t\t\t\t<div class=\"elementor-element elementor-element-11596c1 elementor-widget elementor-widget-text-editor\" data-id=\"11596c1\" data-element_type=\"widget\" data-widget_type=\"text-editor.default\">\n\t\t\t\t<div class=\"elementor-widget-container\">\n\t\t\t\t\t\t\t\t\t<p>PORTRAIT PHOTO TAKEN BY <span style=\"text-decoration: underline;\"><a href=\"http:\/\/andrzejbanas.pl\/\">ANDRZEJ BANA\u015a<\/a><\/span><\/p>\t\t\t\t\t\t\t\t<\/div>\n\t\t\t\t<\/div>\n\t\t\t\t<\/div>\n\t\t\t\t<\/div>","protected":false},"excerpt":{"rendered":"<p>BIO\u00a0 Nazywam si\u0119 Beata Chom\u0105towska. Nazwisko rzadko spotykane, ale nietrudno je zapami\u0119ta\u0107: Cho-m\u0105-towska, trzy sylaby, przez ce-ha i z \u201e\u0105\u201d. Pierwotnie brzmia\u0142o nieco inaczej, ale tak zapisano je po wojnie, gdy rodzina mojego taty, urodzonego w 1944 roku w Niemczech, wr\u00f3ci\u0142a do Polski. Z pochodzenia jestem bowiem miesza\u0144cem \u2013 Chom\u0105towscy to przesiedle\u0144cy z Kres\u00f3w, kt\u00f3rzy [&hellip;]<\/p>","protected":false},"author":1,"featured_media":0,"parent":0,"menu_order":0,"comment_status":"closed","ping_status":"closed","template":"","meta":{"footnotes":""},"class_list":["post-7947","page","type-page","status-publish","hentry"],"_links":{"self":[{"href":"https:\/\/beatachomatowska.com\/en\/wp-json\/wp\/v2\/pages\/7947","targetHints":{"allow":["GET"]}}],"collection":[{"href":"https:\/\/beatachomatowska.com\/en\/wp-json\/wp\/v2\/pages"}],"about":[{"href":"https:\/\/beatachomatowska.com\/en\/wp-json\/wp\/v2\/types\/page"}],"author":[{"embeddable":true,"href":"https:\/\/beatachomatowska.com\/en\/wp-json\/wp\/v2\/users\/1"}],"replies":[{"embeddable":true,"href":"https:\/\/beatachomatowska.com\/en\/wp-json\/wp\/v2\/comments?post=7947"}],"version-history":[{"count":115,"href":"https:\/\/beatachomatowska.com\/en\/wp-json\/wp\/v2\/pages\/7947\/revisions"}],"predecessor-version":[{"id":8641,"href":"https:\/\/beatachomatowska.com\/en\/wp-json\/wp\/v2\/pages\/7947\/revisions\/8641"}],"wp:attachment":[{"href":"https:\/\/beatachomatowska.com\/en\/wp-json\/wp\/v2\/media?parent=7947"}],"curies":[{"name":"wp","href":"https:\/\/api.w.org\/{rel}","templated":true}]}}