{"id":8488,"date":"2024-01-17T19:31:33","date_gmt":"2024-01-17T19:31:33","guid":{"rendered":"https:\/\/beatachomatowska.com\/?page_id=8488"},"modified":"2024-01-17T19:32:51","modified_gmt":"2024-01-17T19:32:51","slug":"publikacje-zbiorowe","status":"publish","type":"page","link":"https:\/\/beatachomatowska.com\/en\/publikacje-zbiorowe\/","title":{"rendered":"Collective publications"},"content":{"rendered":"<div data-elementor-type=\"wp-page\" data-elementor-id=\"8488\" class=\"elementor elementor-8488\">\n\t\t\t\t\t\t<section class=\"elementor-section elementor-top-section elementor-element elementor-element-1f5353a elementor-section-full_width qodef-elementor-content-grid elementor-section-stretched elementor-section-height-default elementor-section-height-default\" data-id=\"1f5353a\" data-element_type=\"section\" data-settings=\"{&quot;stretch_section&quot;:&quot;section-stretched&quot;}\">\n\t\t\t\t\t\t<div class=\"elementor-container elementor-column-gap-default\">\n\t\t\t\t\t<div class=\"elementor-column elementor-col-100 elementor-top-column elementor-element elementor-element-9b2a84b\" data-id=\"9b2a84b\" data-element_type=\"column\">\n\t\t\t<div class=\"elementor-widget-wrap elementor-element-populated\">\n\t\t\t\t\t\t<div class=\"elementor-element elementor-element-54572fa elementor-widget elementor-widget-oraiste_core_portfolio_list\" data-id=\"54572fa\" data-element_type=\"widget\" data-widget_type=\"oraiste_core_portfolio_list.default\">\n\t\t\t\t<div class=\"elementor-widget-container\">\n\t\t\t\t\t<div class=\"qodef-shortcode qodef-m  qodef-portfolio-list qodef-item-layout--info-below  qodef-grid qodef-layout--columns   qodef-gutter--large qodef-col-num--3 qodef-item-layout--info-below qodef-pagination--on qodef-pagination-type--load-more qodef-responsive--predefined qodef-hover-animation--tilt\" data-options=\"{&quot;plugin&quot;:&quot;oraiste_core&quot;,&quot;module&quot;:&quot;post-types\\\/portfolio\\\/shortcodes&quot;,&quot;shortcode&quot;:&quot;portfolio-list&quot;,&quot;post_type&quot;:&quot;portfolio-item&quot;,&quot;next_page&quot;:&quot;2&quot;,&quot;max_pages_num&quot;:1,&quot;behavior&quot;:&quot;columns&quot;,&quot;images_proportion&quot;:&quot;custom&quot;,&quot;custom_image_width&quot;:&quot;500&quot;,&quot;custom_image_height&quot;:&quot;350&quot;,&quot;columns&quot;:&quot;3&quot;,&quot;columns_responsive&quot;:&quot;predefined&quot;,&quot;space&quot;:&quot;large&quot;,&quot;posts_per_page&quot;:&quot;12&quot;,&quot;orderby&quot;:&quot;title&quot;,&quot;order&quot;:&quot;ASC&quot;,&quot;additional_params&quot;:&quot;tax&quot;,&quot;tax&quot;:&quot;portfolio-category&quot;,&quot;tax_slug&quot;:&quot;Publikacje zbiorowe&quot;,&quot;layout&quot;:&quot;info-below&quot;,&quot;hover_animation_info-below&quot;:&quot;tilt&quot;,&quot;hover_animation_info-follow&quot;:&quot;follow&quot;,&quot;hover_animation_info-on-hover&quot;:&quot;fade-in&quot;,&quot;title_tag&quot;:&quot;h4&quot;,&quot;custom_padding&quot;:&quot;no&quot;,&quot;enable_appear&quot;:&quot;yes&quot;,&quot;enable_filter&quot;:&quot;no&quot;,&quot;pagination_type&quot;:&quot;load-more&quot;,&quot;info_below_content_margin_top&quot;:&quot;15&quot;,&quot;object_class_name&quot;:&quot;OraisteCore_Portfolio_List_Shortcode&quot;,&quot;taxonomy_filter&quot;:&quot;portfolio-category&quot;,&quot;additional_query_args&quot;:{&quot;tax_query&quot;:[{&quot;taxonomy&quot;:&quot;portfolio-category&quot;,&quot;field&quot;:&quot;slug&quot;,&quot;terms&quot;:&quot;Publikacje zbiorowe&quot;}]},&quot;space_value&quot;:25}\">\n\t\t<div class=\"qodef-grid-inner clear\">\n\t\t<article class=\"qodef-e qodef-portfolio-list-item qodef--has-appear qodef--random-appear-delay qodef-grid-item qodef-item--custom post-3607 portfolio-item type-portfolio-item status-publish has-post-thumbnail hentry portfolio-category-publikacje-zbiorowe\">\n\t<div class=\"qodef-e-inner\" >\n\t\t<div class=\"qodef-e-media\">\n\t\t\t    <div class=\"qodef-e-media-image\">\n        <a itemprop=\"url\" href=\"https:\/\/beatachomatowska.com\/en\/portfolio-item\/jakos-to-bedzie-live-the-polish-way-of-life\/\">\n\t\t\t<img loading=\"lazy\" decoding=\"async\" src=\"https:\/\/beatachomatowska.com\/wp-content\/uploads\/2021\/04\/jakos_to_bedzie_n4-500x350.jpg\" alt=\"\" width=\"500\" height=\"350\" data-ratio=\"1.4285714285714\" \/>        <\/a>\n    <\/div>\n\t\t<\/div>\n\t\t<div class=\"qodef-e-content\" style=\"margin-top:15px\">\n\t\t\t\t<div class=\"qodef-e-info-category\">\n\t\t\t\t\t<a itemprop=\"url\" class=\"qodef-e-category\" href=\"https:\/\/beatachomatowska.com\/en\/portfolio-category\/publikacje-zbiorowe\/\">\n\t\t\t\tCollective publications\t\t\t<\/a>\n\t\t\t<\/div>\n\t\t\t<h4 itemprop=\"name\" class=\"qodef-e-title entry-title\" >\n\t<a itemprop=\"url\" class=\"qodef-e-title-link\" href=\"https:\/\/beatachomatowska.com\/en\/portfolio-item\/jakos-to-bedzie-live-the-polish-way-of-life\/\">\n\t\tJako\u015b to b\u0119dzie. Live the Polish way of life\t<\/a>\n<\/h4>\n\t\t<\/div>\n\t<\/div>\n<\/article>\n<article class=\"qodef-e qodef-portfolio-list-item qodef--has-appear qodef--random-appear-delay qodef-grid-item qodef-item--custom post-8221 portfolio-item type-portfolio-item status-publish has-post-thumbnail hentry portfolio-category-publikacje-zbiorowe\">\n\t<div class=\"qodef-e-inner\" >\n\t\t<div class=\"qodef-e-media\">\n\t\t\t    <div class=\"qodef-e-media-image\">\n        <a itemprop=\"url\" href=\"https:\/\/beatachomatowska.com\/en\/portfolio-item\/kazdemu-jego-smietnik\/\">\n\t\t\t<img loading=\"lazy\" decoding=\"async\" src=\"https:\/\/beatachomatowska.com\/wp-content\/uploads\/2024\/01\/kazdemu_jego_smietnik-500x350.jpg\" alt=\"\" width=\"500\" height=\"350\" data-ratio=\"1.4285714285714\" \/>        <\/a>\n    <\/div>\n\t\t<\/div>\n\t\t<div class=\"qodef-e-content\" style=\"margin-top:15px\">\n\t\t\t\t<div class=\"qodef-e-info-category\">\n\t\t\t\t\t<a itemprop=\"url\" class=\"qodef-e-category\" href=\"https:\/\/beatachomatowska.com\/en\/portfolio-category\/publikacje-zbiorowe\/\">\n\t\t\t\tCollective publications\t\t\t<\/a>\n\t\t\t<\/div>\n\t\t\t<h4 itemprop=\"name\" class=\"qodef-e-title entry-title\" >\n\t<a itemprop=\"url\" class=\"qodef-e-title-link\" href=\"https:\/\/beatachomatowska.com\/en\/portfolio-item\/kazdemu-jego-smietnik\/\">\n\t\tKa\u017cdemu jego \u015bmietnik.\t<\/a>\n<\/h4>\n\t\t<\/div>\n\t<\/div>\n<\/article>\n<article class=\"qodef-e qodef-portfolio-list-item qodef--has-appear qodef--random-appear-delay qodef-grid-item qodef-item--custom post-8015 portfolio-item type-portfolio-item status-publish has-post-thumbnail hentry portfolio-category-publikacje-zbiorowe\">\n\t<div class=\"qodef-e-inner\" >\n\t\t<div class=\"qodef-e-media\">\n\t\t\t    <div class=\"qodef-e-media-image\">\n        <a itemprop=\"url\" href=\"https:\/\/beatachomatowska.com\/en\/portfolio-item\/mur-ilustrowany-atlas-architektury-muranowa\/\">\n\t\t\t<img loading=\"lazy\" decoding=\"async\" src=\"https:\/\/beatachomatowska.com\/wp-content\/uploads\/2024\/01\/MUR2-500x350.jpg\" alt=\"\" width=\"500\" height=\"350\" data-ratio=\"1.4285714285714\" \/>        <\/a>\n    <\/div>\n\t\t<\/div>\n\t\t<div class=\"qodef-e-content\" style=\"margin-top:15px\">\n\t\t\t\t<div class=\"qodef-e-info-category\">\n\t\t\t\t\t<a itemprop=\"url\" class=\"qodef-e-category\" href=\"https:\/\/beatachomatowska.com\/en\/portfolio-category\/publikacje-zbiorowe\/\">\n\t\t\t\tCollective publications\t\t\t<\/a>\n\t\t\t<\/div>\n\t\t\t<h4 itemprop=\"name\" class=\"qodef-e-title entry-title\" >\n\t<a itemprop=\"url\" class=\"qodef-e-title-link\" href=\"https:\/\/beatachomatowska.com\/en\/portfolio-item\/mur-ilustrowany-atlas-architektury-muranowa\/\">\n\t\tMUR\t<\/a>\n<\/h4>\n\t\t<\/div>\n\t<\/div>\n<\/article>\n<article class=\"qodef-e qodef-portfolio-list-item qodef--has-appear qodef--random-appear-delay qodef-grid-item qodef-item--custom post-8219 portfolio-item type-portfolio-item status-publish has-post-thumbnail hentry portfolio-category-publikacje-zbiorowe\">\n\t<div class=\"qodef-e-inner\" >\n\t\t<div class=\"qodef-e-media\">\n\t\t\t    <div class=\"qodef-e-media-image\">\n        <a itemprop=\"url\" href=\"https:\/\/beatachomatowska.com\/en\/portfolio-item\/przeciez-ich-nie-zostawie-o-zydowskich-opiekunkach-w-czasie-wojny\/\">\n\t\t\t<img loading=\"lazy\" decoding=\"async\" src=\"https:\/\/beatachomatowska.com\/wp-content\/uploads\/2024\/01\/przeciez_ich_nie_zostawie-500x350.jpg\" alt=\"\" width=\"500\" height=\"350\" data-ratio=\"1.4285714285714\" \/>        <\/a>\n    <\/div>\n\t\t<\/div>\n\t\t<div class=\"qodef-e-content\" style=\"margin-top:15px\">\n\t\t\t\t<div class=\"qodef-e-info-category\">\n\t\t\t\t\t<a itemprop=\"url\" class=\"qodef-e-category\" href=\"https:\/\/beatachomatowska.com\/en\/portfolio-category\/publikacje-zbiorowe\/\">\n\t\t\t\tCollective publications\t\t\t<\/a>\n\t\t\t<\/div>\n\t\t\t<h4 itemprop=\"name\" class=\"qodef-e-title entry-title\" >\n\t<a itemprop=\"url\" class=\"qodef-e-title-link\" href=\"https:\/\/beatachomatowska.com\/en\/portfolio-item\/przeciez-ich-nie-zostawie-o-zydowskich-opiekunkach-w-czasie-wojny\/\">\n\t\tPrzecie\u017c ich nie zostawi\u0119.\t<\/a>\n<\/h4>\n\t\t<\/div>\n\t<\/div>\n<\/article>\n\t<\/div>\n\t<\/div>\n\t\t\t\t<\/div>\n\t\t\t\t<\/div>\n\t\t\t\t\t<\/div>\n\t\t<\/div>\n\t\t\t\t\t<\/div>\n\t\t<\/section>\n\t\t\t\t<section class=\"elementor-section elementor-top-section elementor-element elementor-element-c93a280 elementor-section-full_width elementor-section-stretched elementor-section-height-default elementor-section-height-default qodef-elementor-content-no\" data-id=\"c93a280\" data-element_type=\"section\" data-settings=\"{&quot;stretch_section&quot;:&quot;section-stretched&quot;}\">\n\t\t\t\t\t\t<div class=\"elementor-container elementor-column-gap-default\">\n\t\t\t\t\t<div class=\"elementor-column elementor-col-100 elementor-top-column elementor-element elementor-element-d776e4e\" data-id=\"d776e4e\" data-element_type=\"column\">\n\t\t\t<div class=\"elementor-widget-wrap elementor-element-populated\">\n\t\t\t\t\t\t<div class=\"elementor-element elementor-element-1046281 elementor-widget elementor-widget-text-editor\" data-id=\"1046281\" data-element_type=\"widget\" data-widget_type=\"text-editor.default\">\n\t\t\t\t<div class=\"elementor-widget-container\">\n\t\t\t\t\t\t\t\t\t<p>COOPERATION<\/p>\t\t\t\t\t\t\t\t<\/div>\n\t\t\t\t<\/div>\n\t\t\t\t<div class=\"elementor-element elementor-element-060af18 elementor-widget elementor-widget-text-editor\" data-id=\"060af18\" data-element_type=\"widget\" data-widget_type=\"text-editor.default\">\n\t\t\t\t<div class=\"elementor-widget-container\">\n\t\t\t\t\t\t\t\t\t<h1><a href=\"https:\/\/beatachomatowska.com\/en\/kontakt\/\">skontaktuj si\u0119 ze mn\u0105<\/a><\/h1>\t\t\t\t\t\t\t\t<\/div>\n\t\t\t\t<\/div>\n\t\t\t\t\t<\/div>\n\t\t<\/div>\n\t\t\t\t\t<\/div>\n\t\t<\/section>\n\t\t\t\t<\/div>","protected":false},"excerpt":{"rendered":"<p>Publikacje zbiorowe Jako\u015b to b\u0119dzie. Live the Polish way of life Publikacje zbiorowe Ka\u017cdemu jego \u015bmietnik. Publikacje zbiorowe MUR Publikacje zbiorowe Przecie\u017c ich nie zostawi\u0119. WSP\u00d3\u0141PRACA skontaktuj si\u0119 ze mn\u0105<\/p>","protected":false},"author":1,"featured_media":0,"parent":0,"menu_order":0,"comment_status":"closed","ping_status":"closed","template":"","meta":{"footnotes":""},"class_list":["post-8488","page","type-page","status-publish","hentry"],"_links":{"self":[{"href":"https:\/\/beatachomatowska.com\/en\/wp-json\/wp\/v2\/pages\/8488","targetHints":{"allow":["GET"]}}],"collection":[{"href":"https:\/\/beatachomatowska.com\/en\/wp-json\/wp\/v2\/pages"}],"about":[{"href":"https:\/\/beatachomatowska.com\/en\/wp-json\/wp\/v2\/types\/page"}],"author":[{"embeddable":true,"href":"https:\/\/beatachomatowska.com\/en\/wp-json\/wp\/v2\/users\/1"}],"replies":[{"embeddable":true,"href":"https:\/\/beatachomatowska.com\/en\/wp-json\/wp\/v2\/comments?post=8488"}],"version-history":[{"count":7,"href":"https:\/\/beatachomatowska.com\/en\/wp-json\/wp\/v2\/pages\/8488\/revisions"}],"predecessor-version":[{"id":8495,"href":"https:\/\/beatachomatowska.com\/en\/wp-json\/wp\/v2\/pages\/8488\/revisions\/8495"}],"wp:attachment":[{"href":"https:\/\/beatachomatowska.com\/en\/wp-json\/wp\/v2\/media?parent=8488"}],"curies":[{"name":"wp","href":"https:\/\/api.w.org\/{rel}","templated":true}]}}